{"id":171,"date":"2025-10-30T04:54:38","date_gmt":"2025-10-30T04:54:38","guid":{"rendered":"https:\/\/olucasdg.space\/?page_id=171"},"modified":"2025-11-12T13:27:35","modified_gmt":"2025-11-12T13:27:35","slug":"servicos","status":"publish","type":"page","link":"https:\/\/spontesconstrutora.com.br\/index.php\/servicos\/","title":{"rendered":"servicos"},"content":{"rendered":"\t\t<div data-elementor-type=\"wp-page\" data-elementor-id=\"171\" class=\"elementor elementor-171\" data-elementor-settings=\"{&quot;ha_cmc_init_switcher&quot;:&quot;no&quot;}\" data-elementor-post-type=\"page\">\n\t\t\t\t<div class=\"elementor-element elementor-element-fd3e671 e-flex e-con-boxed e-con e-parent\" data-id=\"fd3e671\" data-element_type=\"container\" data-settings=\"{&quot;background_background&quot;:&quot;classic&quot;,&quot;_ha_eqh_enable&quot;:false}\">\n\t\t\t\t\t<div class=\"e-con-inner\">\n\t\t\t\t<div class=\"elementor-element elementor-element-c513301 elementor-widget elementor-widget-heading\" data-id=\"c513301\" data-element_type=\"widget\" data-widget_type=\"heading.default\">\n\t\t\t\t\t<h2 class=\"elementor-heading-title elementor-size-default\">Engenharia com t\u00e9cnica, seguran\u00e7a e<br> responsabilidade construindo o<br> progresso com qualidade.<\/h2>\t\t\t\t<\/div>\n\t\t\t\t\t<\/div>\n\t\t\t\t<\/div>\n\t\t<div class=\"elementor-element elementor-element-bf37c7a elementor-hidden-desktop elementor-hidden-tablet e-flex e-con-boxed e-con e-parent\" data-id=\"bf37c7a\" data-element_type=\"container\" data-settings=\"{&quot;background_background&quot;:&quot;classic&quot;,&quot;_ha_eqh_enable&quot;:false}\">\n\t\t\t\t\t<div class=\"e-con-inner\">\n\t\t<div class=\"elementor-element elementor-element-9f5d89a e-con-full e-flex e-con e-child\" data-id=\"9f5d89a\" data-element_type=\"container\" data-settings=\"{&quot;_ha_eqh_enable&quot;:false}\">\n\t\t\t\t<div class=\"elementor-element elementor-element-1bf5144 elementor-widget elementor-widget-image\" data-id=\"1bf5144\" data-element_type=\"widget\" data-widget_type=\"image.default\">\n\t\t\t\t\t\t\t\t\t\t\t\t\t\t\t<img fetchpriority=\"high\" decoding=\"async\" width=\"1246\" height=\"707\" src=\"https:\/\/spontesconstrutora.com.br\/wp-content\/uploads\/2025\/11\/Group-98.webp\" class=\"attachment-full size-full wp-image-783\" alt=\"\" srcset=\"https:\/\/spontesconstrutora.com.br\/wp-content\/uploads\/2025\/11\/Group-98.webp 1246w, https:\/\/spontesconstrutora.com.br\/wp-content\/uploads\/2025\/11\/Group-98-300x170.webp 300w, https:\/\/spontesconstrutora.com.br\/wp-content\/uploads\/2025\/11\/Group-98-1024x581.webp 1024w, https:\/\/spontesconstrutora.com.br\/wp-content\/uploads\/2025\/11\/Group-98-768x436.webp 768w\" sizes=\"(max-width: 1246px) 100vw, 1246px\" \/>\t\t\t\t\t\t\t\t\t\t\t\t\t\t\t<\/div>\n\t\t\t\t<div class=\"elementor-element elementor-element-a409c54 ha-has-bg-overlay elementor-widget elementor-widget-heading\" data-id=\"a409c54\" data-element_type=\"widget\" data-widget_type=\"heading.default\">\n\t\t\t\t\t<h2 class=\"elementor-heading-title elementor-size-default\">Gerenciamento da obra<\/h2>\t\t\t\t<\/div>\n\t\t\t\t<div class=\"elementor-element elementor-element-1f65dc7 elementor-widget elementor-widget-text-editor\" data-id=\"1f65dc7\" data-element_type=\"widget\" data-widget_type=\"text-editor.default\">\n\t\t\t\t\t\t\t\t\t<p>A SPONTES atua no gerenciamento completo de obras, garantindo planejamento, controle e execu\u00e7\u00e3o com excel\u00eancia t\u00e9cnica. Nosso foco est\u00e1 em otimizar recursos, cumprir prazos e assegurar a qualidade em todas as etapas, do in\u00edcio \u00e0 entrega final.<\/p>\t\t\t\t\t\t\t\t<\/div>\n\t\t\t\t<\/div>\n\t\t<div class=\"elementor-element elementor-element-f66f87a e-con-full e-flex e-con e-child\" data-id=\"f66f87a\" data-element_type=\"container\" data-settings=\"{&quot;_ha_eqh_enable&quot;:false}\">\n\t\t\t\t<\/div>\n\t\t\t\t\t<\/div>\n\t\t\t\t<\/div>\n\t\t<div class=\"elementor-element elementor-element-9dd3225 elementor-hidden-mobile e-flex e-con-boxed e-con e-parent\" data-id=\"9dd3225\" data-element_type=\"container\" data-settings=\"{&quot;background_background&quot;:&quot;classic&quot;,&quot;_ha_eqh_enable&quot;:false}\">\n\t\t\t\t\t<div class=\"e-con-inner\">\n\t\t<div class=\"elementor-element elementor-element-1467980 e-con-full e-flex e-con e-child\" data-id=\"1467980\" data-element_type=\"container\" data-settings=\"{&quot;_ha_eqh_enable&quot;:false}\">\n\t\t\t\t<div class=\"elementor-element elementor-element-5403ddb ha-has-bg-overlay elementor-widget elementor-widget-heading\" data-id=\"5403ddb\" data-element_type=\"widget\" data-widget_type=\"heading.default\">\n\t\t\t\t\t<h2 class=\"elementor-heading-title elementor-size-default\">Gerenciamento da obra<\/h2>\t\t\t\t<\/div>\n\t\t\t\t<div class=\"elementor-element elementor-element-6dca385 elementor-widget elementor-widget-text-editor\" data-id=\"6dca385\" data-element_type=\"widget\" data-widget_type=\"text-editor.default\">\n\t\t\t\t\t\t\t\t\t<p>A SPONTES atua no gerenciamento completo de obras, garantindo planejamento, controle e execu\u00e7\u00e3o com excel\u00eancia t\u00e9cnica. Nosso foco est\u00e1 em otimizar recursos, cumprir prazos e assegurar a qualidade em todas as etapas, do in\u00edcio \u00e0 entrega final.<\/p>\t\t\t\t\t\t\t\t<\/div>\n\t\t\t\t<\/div>\n\t\t<div class=\"elementor-element elementor-element-bfe8470 e-con-full e-flex e-con e-child\" data-id=\"bfe8470\" data-element_type=\"container\" data-settings=\"{&quot;_ha_eqh_enable&quot;:false}\">\n\t\t\t\t<\/div>\n\t\t\t\t\t<\/div>\n\t\t\t\t<\/div>\n\t\t<div class=\"elementor-element elementor-element-9c2d061 elementor-hidden-desktop e-flex e-con-boxed e-con e-parent\" data-id=\"9c2d061\" data-element_type=\"container\" data-settings=\"{&quot;background_background&quot;:&quot;classic&quot;,&quot;_ha_eqh_enable&quot;:false}\">\n\t\t\t\t\t<div class=\"e-con-inner\">\n\t\t<div class=\"elementor-element elementor-element-b5f05c4 e-con-full e-flex e-con e-child\" data-id=\"b5f05c4\" data-element_type=\"container\" data-settings=\"{&quot;_ha_eqh_enable&quot;:false}\">\n\t\t\t\t<\/div>\n\t\t<div class=\"elementor-element elementor-element-2f1d951 e-con-full e-flex e-con e-child\" data-id=\"2f1d951\" data-element_type=\"container\" data-settings=\"{&quot;_ha_eqh_enable&quot;:false}\">\n\t\t\t\t<div class=\"elementor-element elementor-element-4eb8e41 elementor-widget elementor-widget-image\" data-id=\"4eb8e41\" data-element_type=\"widget\" data-widget_type=\"image.default\">\n\t\t\t\t\t\t\t\t\t\t\t\t\t\t\t<img decoding=\"async\" width=\"1232\" height=\"817\" src=\"https:\/\/spontesconstrutora.com.br\/wp-content\/uploads\/2025\/11\/Group-96.webp\" class=\"attachment-full size-full wp-image-796\" alt=\"\" srcset=\"https:\/\/spontesconstrutora.com.br\/wp-content\/uploads\/2025\/11\/Group-96.webp 1232w, https:\/\/spontesconstrutora.com.br\/wp-content\/uploads\/2025\/11\/Group-96-300x199.webp 300w, https:\/\/spontesconstrutora.com.br\/wp-content\/uploads\/2025\/11\/Group-96-1024x679.webp 1024w, https:\/\/spontesconstrutora.com.br\/wp-content\/uploads\/2025\/11\/Group-96-768x509.webp 768w\" sizes=\"(max-width: 1232px) 100vw, 1232px\" \/>\t\t\t\t\t\t\t\t\t\t\t\t\t\t\t<\/div>\n\t\t\t\t<div class=\"elementor-element elementor-element-36a6ae3 elementor-widget elementor-widget-heading\" data-id=\"36a6ae3\" data-element_type=\"widget\" data-widget_type=\"heading.default\">\n\t\t\t\t\t<h2 class=\"elementor-heading-title elementor-size-default\">Expertise em corte<\/h2>\t\t\t\t<\/div>\n\t\t\t\t<div class=\"elementor-element elementor-element-97fafe2 elementor-widget elementor-widget-text-editor\" data-id=\"97fafe2\" data-element_type=\"widget\" data-widget_type=\"text-editor.default\">\n\t\t\t\t\t\t\t\t\t<p>Especialista em corte, dobra e montagem de a\u00e7o, a SPONTES entrega solu\u00e7\u00f5es estruturais com precis\u00e3o t\u00e9cnica e alto desempenho. Cada etapa \u00e9 conduzida com tecnologia, seguran\u00e7a e controle de qualidade, garantindo efici\u00eancia e durabilidade nas obras de infraestrutura e edifica\u00e7\u00f5es.<\/p>\t\t\t\t\t\t\t\t<\/div>\n\t\t\t\t<\/div>\n\t\t\t\t\t<\/div>\n\t\t\t\t<\/div>\n\t\t<div class=\"elementor-element elementor-element-a9e510a elementor-hidden-mobile e-flex e-con-boxed e-con e-parent\" data-id=\"a9e510a\" data-element_type=\"container\" data-settings=\"{&quot;background_background&quot;:&quot;classic&quot;,&quot;_ha_eqh_enable&quot;:false}\">\n\t\t\t\t\t<div class=\"e-con-inner\">\n\t\t<div class=\"elementor-element elementor-element-53d4de7 e-con-full e-flex e-con e-child\" data-id=\"53d4de7\" data-element_type=\"container\" data-settings=\"{&quot;_ha_eqh_enable&quot;:false}\">\n\t\t\t\t<\/div>\n\t\t<div class=\"elementor-element elementor-element-c15e087 e-con-full e-flex e-con e-child\" data-id=\"c15e087\" data-element_type=\"container\" data-settings=\"{&quot;_ha_eqh_enable&quot;:false}\">\n\t\t\t\t<div class=\"elementor-element elementor-element-68edaff elementor-widget elementor-widget-heading\" data-id=\"68edaff\" data-element_type=\"widget\" data-widget_type=\"heading.default\">\n\t\t\t\t\t<h2 class=\"elementor-heading-title elementor-size-default\">Expertise em corte<\/h2>\t\t\t\t<\/div>\n\t\t\t\t<div class=\"elementor-element elementor-element-5b7c5de elementor-widget elementor-widget-text-editor\" data-id=\"5b7c5de\" data-element_type=\"widget\" data-widget_type=\"text-editor.default\">\n\t\t\t\t\t\t\t\t\t<p>Especialista em corte, dobra e montagem de a\u00e7o, a SPONTES entrega solu\u00e7\u00f5es estruturais com precis\u00e3o t\u00e9cnica e alto desempenho. Cada etapa \u00e9 conduzida com tecnologia, seguran\u00e7a e controle de qualidade, garantindo efici\u00eancia e durabilidade nas obras de infraestrutura e edifica\u00e7\u00f5es.<\/p>\t\t\t\t\t\t\t\t<\/div>\n\t\t\t\t<\/div>\n\t\t\t\t\t<\/div>\n\t\t\t\t<\/div>\n\t\t<div class=\"elementor-element elementor-element-68905a5 elementor-hidden-desktop e-flex e-con-boxed e-con e-parent\" data-id=\"68905a5\" data-element_type=\"container\" data-settings=\"{&quot;background_background&quot;:&quot;classic&quot;,&quot;_ha_eqh_enable&quot;:false}\">\n\t\t\t\t\t<div class=\"e-con-inner\">\n\t\t<div class=\"elementor-element elementor-element-87e86e2 e-con-full e-flex e-con e-child\" data-id=\"87e86e2\" data-element_type=\"container\" data-settings=\"{&quot;_ha_eqh_enable&quot;:false}\">\n\t\t\t\t<div class=\"elementor-element elementor-element-e863f48 elementor-widget elementor-widget-image\" data-id=\"e863f48\" data-element_type=\"widget\" data-widget_type=\"image.default\">\n\t\t\t\t\t\t\t\t\t\t\t\t\t\t\t<img decoding=\"async\" width=\"1246\" height=\"817\" src=\"https:\/\/spontesconstrutora.com.br\/wp-content\/uploads\/2025\/11\/Group-97.webp\" class=\"attachment-full size-full wp-image-800\" alt=\"\" srcset=\"https:\/\/spontesconstrutora.com.br\/wp-content\/uploads\/2025\/11\/Group-97.webp 1246w, https:\/\/spontesconstrutora.com.br\/wp-content\/uploads\/2025\/11\/Group-97-300x197.webp 300w, https:\/\/spontesconstrutora.com.br\/wp-content\/uploads\/2025\/11\/Group-97-1024x671.webp 1024w, https:\/\/spontesconstrutora.com.br\/wp-content\/uploads\/2025\/11\/Group-97-768x504.webp 768w\" sizes=\"(max-width: 1246px) 100vw, 1246px\" \/>\t\t\t\t\t\t\t\t\t\t\t\t\t\t\t<\/div>\n\t\t\t\t<div class=\"elementor-element elementor-element-aa96328 elementor-widget elementor-widget-heading\" data-id=\"aa96328\" data-element_type=\"widget\" data-widget_type=\"heading.default\">\n\t\t\t\t\t<h2 class=\"elementor-heading-title elementor-size-default\">Obras civis<\/h2>\t\t\t\t<\/div>\n\t\t\t\t<div class=\"elementor-element elementor-element-6a34488 elementor-widget elementor-widget-text-editor\" data-id=\"6a34488\" data-element_type=\"widget\" data-widget_type=\"text-editor.default\">\n\t\t\t\t\t\t\t\t\t<p>Com experi\u00eancia consolidada na constru\u00e7\u00e3o civil, a SPONTES realiza obras completas, do planejamento \u00e0 execu\u00e7\u00e3o, com foco em empreendimentos de infraestrutura e edifica\u00e7\u00f5es de grande porte. Cada estrutura \u00e9 resultado de um trabalho t\u00e9cnico cuidadoso, conduzido com qualidade, seguran\u00e7a e efici\u00eancia por uma equipe comprometida com a excel\u00eancia.<\/p>\t\t\t\t\t\t\t\t<\/div>\n\t\t\t\t<\/div>\n\t\t<div class=\"elementor-element elementor-element-5e58f33 e-con-full e-flex e-con e-child\" data-id=\"5e58f33\" data-element_type=\"container\" data-settings=\"{&quot;_ha_eqh_enable&quot;:false}\">\n\t\t\t\t<\/div>\n\t\t\t\t\t<\/div>\n\t\t\t\t<\/div>\n\t\t<div class=\"elementor-element elementor-element-3c861b6 elementor-hidden-mobile e-flex e-con-boxed e-con e-parent\" data-id=\"3c861b6\" data-element_type=\"container\" data-settings=\"{&quot;background_background&quot;:&quot;classic&quot;,&quot;_ha_eqh_enable&quot;:false}\">\n\t\t\t\t\t<div class=\"e-con-inner\">\n\t\t<div class=\"elementor-element elementor-element-6b07251 e-con-full e-flex e-con e-child\" data-id=\"6b07251\" data-element_type=\"container\" data-settings=\"{&quot;_ha_eqh_enable&quot;:false}\">\n\t\t\t\t<div class=\"elementor-element elementor-element-e3f4396 elementor-widget elementor-widget-heading\" data-id=\"e3f4396\" data-element_type=\"widget\" data-widget_type=\"heading.default\">\n\t\t\t\t\t<h2 class=\"elementor-heading-title elementor-size-default\">Obras civis<\/h2>\t\t\t\t<\/div>\n\t\t\t\t<div class=\"elementor-element elementor-element-f2dcd4f elementor-widget elementor-widget-text-editor\" data-id=\"f2dcd4f\" data-element_type=\"widget\" data-widget_type=\"text-editor.default\">\n\t\t\t\t\t\t\t\t\t<p>Com experi\u00eancia consolidada na constru\u00e7\u00e3o civil, a SPONTES realiza obras completas, do planejamento \u00e0 execu\u00e7\u00e3o, com foco em empreendimentos de infraestrutura e edifica\u00e7\u00f5es de grande porte. Cada estrutura \u00e9 resultado de um trabalho t\u00e9cnico cuidadoso, conduzido com qualidade, seguran\u00e7a e efici\u00eancia por uma equipe comprometida com a excel\u00eancia.<\/p>\t\t\t\t\t\t\t\t<\/div>\n\t\t\t\t<\/div>\n\t\t<div class=\"elementor-element elementor-element-4eb592b e-con-full e-flex e-con e-child\" data-id=\"4eb592b\" data-element_type=\"container\" data-settings=\"{&quot;_ha_eqh_enable&quot;:false}\">\n\t\t\t\t<\/div>\n\t\t\t\t\t<\/div>\n\t\t\t\t<\/div>\n\t\t<div class=\"elementor-element elementor-element-cda7481 elementor-hidden-desktop e-flex e-con-boxed e-con e-parent\" data-id=\"cda7481\" data-element_type=\"container\" data-settings=\"{&quot;background_background&quot;:&quot;classic&quot;,&quot;_ha_eqh_enable&quot;:false}\">\n\t\t\t\t\t<div class=\"e-con-inner\">\n\t\t<div class=\"elementor-element elementor-element-0b74939 e-con-full e-flex e-con e-child\" data-id=\"0b74939\" data-element_type=\"container\" data-settings=\"{&quot;_ha_eqh_enable&quot;:false}\">\n\t\t\t\t<\/div>\n\t\t<div class=\"elementor-element elementor-element-a52bd72 e-con-full e-flex e-con e-child\" data-id=\"a52bd72\" data-element_type=\"container\" data-settings=\"{&quot;_ha_eqh_enable&quot;:false}\">\n\t\t\t\t<div class=\"elementor-element elementor-element-21908db elementor-widget elementor-widget-image\" data-id=\"21908db\" data-element_type=\"widget\" data-widget_type=\"image.default\">\n\t\t\t\t\t\t\t\t\t\t\t\t\t\t\t<img loading=\"lazy\" decoding=\"async\" width=\"1246\" height=\"728\" src=\"https:\/\/spontesconstrutora.com.br\/wp-content\/uploads\/2025\/11\/Group-95.webp\" class=\"attachment-full size-full wp-image-810\" alt=\"\" srcset=\"https:\/\/spontesconstrutora.com.br\/wp-content\/uploads\/2025\/11\/Group-95.webp 1246w, https:\/\/spontesconstrutora.com.br\/wp-content\/uploads\/2025\/11\/Group-95-300x175.webp 300w, https:\/\/spontesconstrutora.com.br\/wp-content\/uploads\/2025\/11\/Group-95-1024x598.webp 1024w, https:\/\/spontesconstrutora.com.br\/wp-content\/uploads\/2025\/11\/Group-95-768x449.webp 768w\" sizes=\"(max-width: 1246px) 100vw, 1246px\" \/>\t\t\t\t\t\t\t\t\t\t\t\t\t\t\t<\/div>\n\t\t\t\t<div class=\"elementor-element elementor-element-5c07dd8 elementor-widget elementor-widget-heading\" data-id=\"5c07dd8\" data-element_type=\"widget\" data-widget_type=\"heading.default\">\n\t\t\t\t\t<h2 class=\"elementor-heading-title elementor-size-default\">Concreto armado\/protendido<\/h2>\t\t\t\t<\/div>\n\t\t\t\t<div class=\"elementor-element elementor-element-416b5f7 elementor-widget elementor-widget-text-editor\" data-id=\"416b5f7\" data-element_type=\"widget\" data-widget_type=\"text-editor.default\">\n\t\t\t\t\t\t\t\t\t<p>A SPONTES executa o escopo completo de obras em concreto armado e protendido, unindo t\u00e9cnica, precis\u00e3o e experi\u00eancia. Do projeto \u00e0 entrega, cada etapa \u00e9 conduzida com rigor estrutural, seguran\u00e7a e compromisso com a durabilidade das constru\u00e7\u00f5es.<\/p>\t\t\t\t\t\t\t\t<\/div>\n\t\t\t\t<\/div>\n\t\t\t\t\t<\/div>\n\t\t\t\t<\/div>\n\t\t<div class=\"elementor-element elementor-element-a244686 elementor-hidden-mobile e-flex e-con-boxed e-con e-parent\" data-id=\"a244686\" data-element_type=\"container\" data-settings=\"{&quot;background_background&quot;:&quot;classic&quot;,&quot;_ha_eqh_enable&quot;:false}\">\n\t\t\t\t\t<div class=\"e-con-inner\">\n\t\t<div class=\"elementor-element elementor-element-7eb7eb4 e-con-full e-flex e-con e-child\" data-id=\"7eb7eb4\" data-element_type=\"container\" data-settings=\"{&quot;_ha_eqh_enable&quot;:false}\">\n\t\t\t\t<\/div>\n\t\t<div class=\"elementor-element elementor-element-0040c3b e-con-full e-flex e-con e-child\" data-id=\"0040c3b\" data-element_type=\"container\" data-settings=\"{&quot;_ha_eqh_enable&quot;:false}\">\n\t\t\t\t<div class=\"elementor-element elementor-element-f6e5991 elementor-widget elementor-widget-heading\" data-id=\"f6e5991\" data-element_type=\"widget\" data-widget_type=\"heading.default\">\n\t\t\t\t\t<h2 class=\"elementor-heading-title elementor-size-default\">Concreto armado\/protendido<\/h2>\t\t\t\t<\/div>\n\t\t\t\t<div class=\"elementor-element elementor-element-7a82431 elementor-widget elementor-widget-text-editor\" data-id=\"7a82431\" data-element_type=\"widget\" data-widget_type=\"text-editor.default\">\n\t\t\t\t\t\t\t\t\t<p>A SPONTES executa o escopo completo de obras em concreto armado e protendido, unindo t\u00e9cnica, precis\u00e3o e experi\u00eancia. Do projeto \u00e0 entrega, cada etapa \u00e9 conduzida com rigor estrutural, seguran\u00e7a e compromisso com a durabilidade das constru\u00e7\u00f5es.<\/p>\t\t\t\t\t\t\t\t<\/div>\n\t\t\t\t<\/div>\n\t\t\t\t\t<\/div>\n\t\t\t\t<\/div>\n\t\t<div class=\"elementor-element elementor-element-e6d4eac e-flex e-con-boxed e-con e-parent\" data-id=\"e6d4eac\" data-element_type=\"container\" data-settings=\"{&quot;_ha_eqh_enable&quot;:false}\">\n\t\t\t\t\t<div class=\"e-con-inner\">\n\t\t\t\t<div class=\"elementor-element elementor-element-233055a elementor-align-center elementor-widget elementor-widget-button\" data-id=\"233055a\" data-element_type=\"widget\" data-widget_type=\"button.default\">\n\t\t\t\t\t\t\t\t\t\t<a class=\"elementor-button elementor-button-link elementor-size-sm\" href=\"https:\/\/spontesconstrutora.com.br\/index.php\/portfolio\/\">\n\t\t\t\t\t\t<span class=\"elementor-button-content-wrapper\">\n\t\t\t\t\t\t\t\t\t<span class=\"elementor-button-text\">Conhe\u00e7a todas as nossas obras<\/span>\n\t\t\t\t\t<\/span>\n\t\t\t\t\t<\/a>\n\t\t\t\t\t\t\t\t<\/div>\n\t\t\t\t\t<\/div>\n\t\t\t\t<\/div>\n\t\t\t\t<\/div>\n\t\t","protected":false},"excerpt":{"rendered":"<p>Engenharia com t\u00e9cnica, seguran\u00e7a e responsabilidade construindo o progresso com qualidade. Gerenciamento da obra A SPONTES atua no gerenciamento completo de obras, garantindo planejamento, controle e execu\u00e7\u00e3o com excel\u00eancia t\u00e9cnica. Nosso foco est\u00e1 em otimizar recursos, cumprir prazos e assegurar a qualidade em todas as etapas, do in\u00edcio \u00e0 entrega final. Gerenciamento da obra A [&hellip;]<\/p>\n","protected":false},"author":1,"featured_media":0,"parent":0,"menu_order":0,"comment_status":"closed","ping_status":"closed","template":"elementor_header_footer","meta":{"footnotes":""},"class_list":["post-171","page","type-page","status-publish","hentry"],"_links":{"self":[{"href":"https:\/\/spontesconstrutora.com.br\/index.php\/wp-json\/wp\/v2\/pages\/171","targetHints":{"allow":["GET"]}}],"collection":[{"href":"https:\/\/spontesconstrutora.com.br\/index.php\/wp-json\/wp\/v2\/pages"}],"about":[{"href":"https:\/\/spontesconstrutora.com.br\/index.php\/wp-json\/wp\/v2\/types\/page"}],"author":[{"embeddable":true,"href":"https:\/\/spontesconstrutora.com.br\/index.php\/wp-json\/wp\/v2\/users\/1"}],"replies":[{"embeddable":true,"href":"https:\/\/spontesconstrutora.com.br\/index.php\/wp-json\/wp\/v2\/comments?post=171"}],"version-history":[{"count":217,"href":"https:\/\/spontesconstrutora.com.br\/index.php\/wp-json\/wp\/v2\/pages\/171\/revisions"}],"predecessor-version":[{"id":842,"href":"https:\/\/spontesconstrutora.com.br\/index.php\/wp-json\/wp\/v2\/pages\/171\/revisions\/842"}],"wp:attachment":[{"href":"https:\/\/spontesconstrutora.com.br\/index.php\/wp-json\/wp\/v2\/media?parent=171"}],"curies":[{"name":"wp","href":"https:\/\/api.w.org\/{rel}","templated":true}]}}