{"id":211,"date":"2025-10-30T05:05:10","date_gmt":"2025-10-30T05:05:10","guid":{"rendered":"https:\/\/olucasdg.space\/?page_id=211"},"modified":"2025-11-07T13:29:15","modified_gmt":"2025-11-07T13:29:15","slug":"portfolio","status":"publish","type":"page","link":"https:\/\/spontesconstrutora.com.br\/index.php\/portfolio\/","title":{"rendered":"portfolio"},"content":{"rendered":"\t\t<div data-elementor-type=\"wp-page\" data-elementor-id=\"211\" class=\"elementor elementor-211\" data-elementor-settings=\"{&quot;ha_cmc_init_switcher&quot;:&quot;no&quot;}\" data-elementor-post-type=\"page\">\n\t\t\t\t<div class=\"elementor-element elementor-element-c1a4618 e-flex e-con-boxed e-con e-parent\" data-id=\"c1a4618\" data-element_type=\"container\" data-settings=\"{&quot;background_background&quot;:&quot;classic&quot;,&quot;_ha_eqh_enable&quot;:false}\">\n\t\t\t\t\t<div class=\"e-con-inner\">\n\t\t\t\t<div class=\"elementor-element elementor-element-a23e81b elementor-widget elementor-widget-heading\" data-id=\"a23e81b\" data-element_type=\"widget\" data-widget_type=\"heading.default\">\n\t\t\t\t\t<h2 class=\"elementor-heading-title elementor-size-default\">Excel\u00eancia n\u00e3o \u00e9 um ato,<Br>\n\u00e9 um h\u00e1bito.<\/h2>\t\t\t\t<\/div>\n\t\t\t\t\t<\/div>\n\t\t\t\t<\/div>\n\t\t<div class=\"elementor-element elementor-element-4f5546b e-flex e-con-boxed e-con e-parent\" data-id=\"4f5546b\" data-element_type=\"container\" data-settings=\"{&quot;_ha_eqh_enable&quot;:false}\">\n\t\t\t\t\t<div class=\"e-con-inner\">\n\t\t\t\t<div class=\"elementor-element elementor-element-ab53bc7 elementor-widget elementor-widget-heading\" data-id=\"ab53bc7\" data-element_type=\"widget\" data-widget_type=\"heading.default\">\n\t\t\t\t\t<h2 class=\"elementor-heading-title elementor-size-default\">Gerenciamento da obra<\/h2>\t\t\t\t<\/div>\n\t\t\t\t\t<\/div>\n\t\t\t\t<\/div>\n\t\t<div class=\"elementor-element elementor-element-a289221 e-flex e-con-boxed e-con e-parent\" data-id=\"a289221\" data-element_type=\"container\" data-settings=\"{&quot;_ha_eqh_enable&quot;:false}\">\n\t\t\t\t\t<div class=\"e-con-inner\">\n\t\t<div class=\"elementor-element elementor-element-34b7fc2 e-con-full e-flex e-con e-child\" data-id=\"34b7fc2\" data-element_type=\"container\" data-settings=\"{&quot;_ha_eqh_enable&quot;:false}\">\n\t\t\t\t<div class=\"elementor-element elementor-element-356e7d9 elementor-widget elementor-widget-image\" data-id=\"356e7d9\" data-element_type=\"widget\" data-widget_type=\"image.default\">\n\t\t\t\t\t\t\t\t\t\t\t\t\t\t\t<img fetchpriority=\"high\" decoding=\"async\" width=\"592\" height=\"482\" src=\"https:\/\/spontesconstrutora.com.br\/wp-content\/uploads\/2025\/10\/Group-74.webp\" class=\"elementor-animation-grow attachment-large size-large wp-image-227\" alt=\"\" srcset=\"https:\/\/spontesconstrutora.com.br\/wp-content\/uploads\/2025\/10\/Group-74.webp 592w, https:\/\/spontesconstrutora.com.br\/wp-content\/uploads\/2025\/10\/Group-74-300x244.webp 300w\" sizes=\"(max-width: 592px) 100vw, 592px\" \/>\t\t\t\t\t\t\t\t\t\t\t\t\t\t\t<\/div>\n\t\t\t\t<div class=\"elementor-element elementor-element-fcd994c elementor-widget elementor-widget-image\" data-id=\"fcd994c\" data-element_type=\"widget\" data-widget_type=\"image.default\">\n\t\t\t\t\t\t\t\t\t\t\t\t\t\t\t<img decoding=\"async\" width=\"620\" height=\"482\" src=\"https:\/\/spontesconstrutora.com.br\/wp-content\/uploads\/2025\/11\/Group-76.webp\" class=\"elementor-animation-grow attachment-large size-large wp-image-832\" alt=\"\" srcset=\"https:\/\/spontesconstrutora.com.br\/wp-content\/uploads\/2025\/11\/Group-76.webp 620w, https:\/\/spontesconstrutora.com.br\/wp-content\/uploads\/2025\/11\/Group-76-300x233.webp 300w\" sizes=\"(max-width: 620px) 100vw, 620px\" \/>\t\t\t\t\t\t\t\t\t\t\t\t\t\t\t<\/div>\n\t\t\t\t<div class=\"elementor-element elementor-element-c985043 elementor-widget elementor-widget-image\" data-id=\"c985043\" data-element_type=\"widget\" data-widget_type=\"image.default\">\n\t\t\t\t\t\t\t\t\t\t\t\t\t\t\t<img decoding=\"async\" width=\"592\" height=\"482\" src=\"https:\/\/spontesconstrutora.com.br\/wp-content\/uploads\/2025\/11\/Group-75.webp\" class=\"elementor-animation-grow attachment-large size-large wp-image-836\" alt=\"\" srcset=\"https:\/\/spontesconstrutora.com.br\/wp-content\/uploads\/2025\/11\/Group-75.webp 592w, https:\/\/spontesconstrutora.com.br\/wp-content\/uploads\/2025\/11\/Group-75-300x244.webp 300w\" sizes=\"(max-width: 592px) 100vw, 592px\" \/>\t\t\t\t\t\t\t\t\t\t\t\t\t\t\t<\/div>\n\t\t\t\t<div class=\"elementor-element elementor-element-e8f0a6a elementor-widget elementor-widget-image\" data-id=\"e8f0a6a\" data-element_type=\"widget\" data-widget_type=\"image.default\">\n\t\t\t\t\t\t\t\t\t\t\t\t\t\t\t<img loading=\"lazy\" decoding=\"async\" width=\"592\" height=\"482\" src=\"https:\/\/spontesconstrutora.com.br\/wp-content\/uploads\/2025\/10\/Group-77.webp\" class=\"elementor-animation-grow attachment-large size-large wp-image-230\" alt=\"\" srcset=\"https:\/\/spontesconstrutora.com.br\/wp-content\/uploads\/2025\/10\/Group-77.webp 592w, https:\/\/spontesconstrutora.com.br\/wp-content\/uploads\/2025\/10\/Group-77-300x244.webp 300w\" sizes=\"(max-width: 592px) 100vw, 592px\" \/>\t\t\t\t\t\t\t\t\t\t\t\t\t\t\t<\/div>\n\t\t\t\t<\/div>\n\t\t<div class=\"elementor-element elementor-element-2abc7b3 e-con-full e-flex e-con e-child\" data-id=\"2abc7b3\" data-element_type=\"container\" data-settings=\"{&quot;_ha_eqh_enable&quot;:false}\">\n\t\t\t\t<div class=\"elementor-element elementor-element-97202f0 elementor-widget elementor-widget-image\" data-id=\"97202f0\" data-element_type=\"widget\" data-widget_type=\"image.default\">\n\t\t\t\t\t\t\t\t\t\t\t\t\t\t\t<img loading=\"lazy\" decoding=\"async\" width=\"592\" height=\"482\" src=\"https:\/\/spontesconstrutora.com.br\/wp-content\/uploads\/2025\/10\/Group-81.webp\" class=\"elementor-animation-grow attachment-large size-large wp-image-234\" alt=\"\" srcset=\"https:\/\/spontesconstrutora.com.br\/wp-content\/uploads\/2025\/10\/Group-81.webp 592w, https:\/\/spontesconstrutora.com.br\/wp-content\/uploads\/2025\/10\/Group-81-300x244.webp 300w\" sizes=\"(max-width: 592px) 100vw, 592px\" \/>\t\t\t\t\t\t\t\t\t\t\t\t\t\t\t<\/div>\n\t\t\t\t<div class=\"elementor-element elementor-element-23a3ff3 elementor-widget elementor-widget-image\" data-id=\"23a3ff3\" data-element_type=\"widget\" data-widget_type=\"image.default\">\n\t\t\t\t\t\t\t\t\t\t\t\t\t\t\t<img loading=\"lazy\" decoding=\"async\" width=\"592\" height=\"482\" src=\"https:\/\/spontesconstrutora.com.br\/wp-content\/uploads\/2025\/10\/Group-80.webp\" class=\"elementor-animation-grow attachment-large size-large wp-image-233\" alt=\"\" srcset=\"https:\/\/spontesconstrutora.com.br\/wp-content\/uploads\/2025\/10\/Group-80.webp 592w, https:\/\/spontesconstrutora.com.br\/wp-content\/uploads\/2025\/10\/Group-80-300x244.webp 300w\" sizes=\"(max-width: 592px) 100vw, 592px\" \/>\t\t\t\t\t\t\t\t\t\t\t\t\t\t\t<\/div>\n\t\t\t\t<div class=\"elementor-element elementor-element-abc8b83 elementor-widget elementor-widget-image\" data-id=\"abc8b83\" data-element_type=\"widget\" data-widget_type=\"image.default\">\n\t\t\t\t\t\t\t\t\t\t\t\t\t\t\t<img loading=\"lazy\" decoding=\"async\" width=\"592\" height=\"482\" src=\"https:\/\/spontesconstrutora.com.br\/wp-content\/uploads\/2025\/10\/Group-79.webp\" class=\"elementor-animation-grow attachment-large size-large wp-image-232\" alt=\"\" srcset=\"https:\/\/spontesconstrutora.com.br\/wp-content\/uploads\/2025\/10\/Group-79.webp 592w, https:\/\/spontesconstrutora.com.br\/wp-content\/uploads\/2025\/10\/Group-79-300x244.webp 300w\" sizes=\"(max-width: 592px) 100vw, 592px\" \/>\t\t\t\t\t\t\t\t\t\t\t\t\t\t\t<\/div>\n\t\t\t\t<div class=\"elementor-element elementor-element-e0b0d4d elementor-widget elementor-widget-image\" data-id=\"e0b0d4d\" data-element_type=\"widget\" data-widget_type=\"image.default\">\n\t\t\t\t\t\t\t\t\t\t\t\t\t\t\t<img loading=\"lazy\" decoding=\"async\" width=\"592\" height=\"482\" src=\"https:\/\/spontesconstrutora.com.br\/wp-content\/uploads\/2025\/10\/Group-78.webp\" class=\"elementor-animation-grow attachment-large size-large wp-image-231\" alt=\"\" srcset=\"https:\/\/spontesconstrutora.com.br\/wp-content\/uploads\/2025\/10\/Group-78.webp 592w, https:\/\/spontesconstrutora.com.br\/wp-content\/uploads\/2025\/10\/Group-78-300x244.webp 300w\" sizes=\"(max-width: 592px) 100vw, 592px\" \/>\t\t\t\t\t\t\t\t\t\t\t\t\t\t\t<\/div>\n\t\t\t\t<\/div>\n\t\t\t\t\t<\/div>\n\t\t\t\t<\/div>\n\t\t\t\t<\/div>\n\t\t","protected":false},"excerpt":{"rendered":"<p>Excel\u00eancia n\u00e3o \u00e9 um ato, \u00e9 um h\u00e1bito. Gerenciamento da obra<\/p>\n","protected":false},"author":1,"featured_media":0,"parent":0,"menu_order":0,"comment_status":"closed","ping_status":"closed","template":"elementor_header_footer","meta":{"footnotes":""},"class_list":["post-211","page","type-page","status-publish","hentry"],"_links":{"self":[{"href":"https:\/\/spontesconstrutora.com.br\/index.php\/wp-json\/wp\/v2\/pages\/211","targetHints":{"allow":["GET"]}}],"collection":[{"href":"https:\/\/spontesconstrutora.com.br\/index.php\/wp-json\/wp\/v2\/pages"}],"about":[{"href":"https:\/\/spontesconstrutora.com.br\/index.php\/wp-json\/wp\/v2\/types\/page"}],"author":[{"embeddable":true,"href":"https:\/\/spontesconstrutora.com.br\/index.php\/wp-json\/wp\/v2\/users\/1"}],"replies":[{"embeddable":true,"href":"https:\/\/spontesconstrutora.com.br\/index.php\/wp-json\/wp\/v2\/comments?post=211"}],"version-history":[{"count":31,"href":"https:\/\/spontesconstrutora.com.br\/index.php\/wp-json\/wp\/v2\/pages\/211\/revisions"}],"predecessor-version":[{"id":839,"href":"https:\/\/spontesconstrutora.com.br\/index.php\/wp-json\/wp\/v2\/pages\/211\/revisions\/839"}],"wp:attachment":[{"href":"https:\/\/spontesconstrutora.com.br\/index.php\/wp-json\/wp\/v2\/media?parent=211"}],"curies":[{"name":"wp","href":"https:\/\/api.w.org\/{rel}","templated":true}]}}