{"id":297,"date":"2025-10-30T05:42:34","date_gmt":"2025-10-30T05:42:34","guid":{"rendered":"https:\/\/olucasdg.space\/?page_id=297"},"modified":"2025-11-04T23:47:19","modified_gmt":"2025-11-04T23:47:19","slug":"registro-de-denuncia","status":"publish","type":"page","link":"https:\/\/spontesconstrutora.com.br\/index.php\/registro-de-denuncia\/","title":{"rendered":"registro de denuncia"},"content":{"rendered":"\t\t<div data-elementor-type=\"wp-page\" data-elementor-id=\"297\" class=\"elementor elementor-297\" data-elementor-settings=\"{&quot;ha_cmc_init_switcher&quot;:&quot;no&quot;}\" data-elementor-post-type=\"page\">\n\t\t\t\t<div class=\"elementor-element elementor-element-cc53596 e-flex e-con-boxed e-con e-parent\" data-id=\"cc53596\" data-element_type=\"container\" data-settings=\"{&quot;_ha_eqh_enable&quot;:false}\">\n\t\t\t\t\t<div class=\"e-con-inner\">\n\t\t\t\t<div class=\"elementor-element elementor-element-1508a6b elementor-widget elementor-widget-heading\" data-id=\"1508a6b\" data-element_type=\"widget\" data-widget_type=\"heading.default\">\n\t\t\t\t\t<h2 class=\"elementor-heading-title elementor-size-default\">REGISTRO DE DEN\u00daNCIA<\/h2>\t\t\t\t<\/div>\n\t\t\t\t<div class=\"elementor-element elementor-element-afb16a8 elementor-button-align-stretch elementor-widget elementor-widget-form\" data-id=\"afb16a8\" data-element_type=\"widget\" data-settings=\"{&quot;step_next_label&quot;:&quot;Next&quot;,&quot;step_previous_label&quot;:&quot;Previous&quot;,&quot;button_width&quot;:&quot;100&quot;,&quot;step_type&quot;:&quot;number_text&quot;,&quot;step_icon_shape&quot;:&quot;circle&quot;}\" data-widget_type=\"form.default\">\n\t\t\t\t\t\t\t<form class=\"elementor-form\" method=\"post\" name=\"New Form\" aria-label=\"New Form\">\n\t\t\t<input type=\"hidden\" name=\"post_id\" value=\"297\"\/>\n\t\t\t<input type=\"hidden\" name=\"form_id\" value=\"afb16a8\"\/>\n\t\t\t<input type=\"hidden\" name=\"referer_title\" value=\"registro de denuncia\" \/>\n\n\t\t\t\t\t\t\t<input type=\"hidden\" name=\"queried_id\" value=\"297\"\/>\n\t\t\t\n\t\t\t<div class=\"elementor-form-fields-wrapper elementor-labels-above\">\n\t\t\t\t\t\t\t\t<div class=\"elementor-field-type-acceptance elementor-field-group elementor-column elementor-field-group-name elementor-col-50 elementor-field-required\">\n\t\t\t\t\t\t\t\t\t\t\t\t<label for=\"form-field-name\" class=\"elementor-field-label\">\n\t\t\t\t\t\t\t\tTipo de Den\u00fancia\t\t\t\t\t\t\t<\/label>\n\t\t\t\t\t\t\t\t<div class=\"elementor-field-subgroup\">\n\t\t\t<span class=\"elementor-field-option\">\n\t\t\t\t<input type=\"checkbox\" name=\"form_fields[name]\" id=\"form-field-name\" class=\"elementor-field elementor-size-sm  elementor-acceptance-field\" required=\"required\">\n\t\t\t\t<label for=\"form-field-name\">An\u00f4nima<\/label>\t\t\t<\/span>\n\t\t<\/div>\n\t\t\t\t\t\t<\/div>\n\t\t\t\t\t\t\t\t<div class=\"elementor-field-type-acceptance elementor-field-group elementor-column elementor-field-group-field_226f915 elementor-col-50 elementor-field-required\">\n\t\t\t\t\t\t\t<div class=\"elementor-field-subgroup\">\n\t\t\t<span class=\"elementor-field-option\">\n\t\t\t\t<input type=\"checkbox\" name=\"form_fields[field_226f915]\" id=\"form-field-field_226f915\" class=\"elementor-field elementor-size-sm  elementor-acceptance-field\" required=\"required\">\n\t\t\t\t<label for=\"form-field-field_226f915\">Identificada<\/label>\t\t\t<\/span>\n\t\t<\/div>\n\t\t\t\t\t\t<\/div>\n\t\t\t\t\t\t\t\t<div class=\"elementor-field-type-text elementor-field-group elementor-column elementor-field-group-field_f3a39f7 elementor-col-50 elementor-field-required\">\n\t\t\t\t\t\t\t\t\t\t\t\t<label for=\"form-field-field_f3a39f7\" class=\"elementor-field-label\">\n\t\t\t\t\t\t\t\tNome*\t\t\t\t\t\t\t<\/label>\n\t\t\t\t\t\t\t\t\t\t\t\t\t\t<input size=\"1\" type=\"text\" name=\"form_fields[field_f3a39f7]\" id=\"form-field-field_f3a39f7\" class=\"elementor-field elementor-size-sm  elementor-field-textual\" placeholder=\"Jane\" required=\"required\">\n\t\t\t\t\t\t\t\t\t\t\t<\/div>\n\t\t\t\t\t\t\t\t<div class=\"elementor-field-type-text elementor-field-group elementor-column elementor-field-group-field_64b94fd elementor-col-50 elementor-field-required\">\n\t\t\t\t\t\t\t\t\t\t\t\t<label for=\"form-field-field_64b94fd\" class=\"elementor-field-label\">\n\t\t\t\t\t\t\t\tIdade*\t\t\t\t\t\t\t<\/label>\n\t\t\t\t\t\t\t\t\t\t\t\t\t\t<input size=\"1\" type=\"text\" name=\"form_fields[field_64b94fd]\" id=\"form-field-field_64b94fd\" class=\"elementor-field elementor-size-sm  elementor-field-textual\" placeholder=\"EX: 23 Anos\" required=\"required\">\n\t\t\t\t\t\t\t\t\t\t\t<\/div>\n\t\t\t\t\t\t\t\t<div class=\"elementor-field-type-select elementor-field-group elementor-column elementor-field-group-field_b1c97c1 elementor-col-50 elementor-field-required\">\n\t\t\t\t\t\t\t\t\t\t\t\t<label for=\"form-field-field_b1c97c1\" class=\"elementor-field-label\">\n\t\t\t\t\t\t\t\tSexo\t\t\t\t\t\t\t<\/label>\n\t\t\t\t\t\t\t\t<div class=\"elementor-field elementor-select-wrapper remove-before \">\n\t\t\t<div class=\"select-caret-down-wrapper\">\n\t\t\t\t<svg aria-hidden=\"true\" class=\"e-font-icon-svg e-eicon-caret-down\" viewBox=\"0 0 571.4 571.4\" xmlns=\"http:\/\/www.w3.org\/2000\/svg\"><path d=\"M571 393Q571 407 561 418L311 668Q300 679 286 679T261 668L11 418Q0 407 0 393T11 368 36 357H536Q550 357 561 368T571 393Z\"><\/path><\/svg>\t\t\t<\/div>\n\t\t\t<select name=\"form_fields[field_b1c97c1]\" id=\"form-field-field_b1c97c1\" class=\"elementor-field-textual elementor-size-sm\" required=\"required\">\n\t\t\t\t\t\t\t\t\t<option value=\"Masculino\">Masculino<\/option>\n\t\t\t\t\t\t\t\t\t<option value=\"Feminino\">Feminino<\/option>\n\t\t\t\t\t\t\t\t\t<option value=\"Outros\">Outros<\/option>\n\t\t\t\t\t\t\t<\/select>\n\t\t<\/div>\n\t\t\t\t\t\t<\/div>\n\t\t\t\t\t\t\t\t<div class=\"elementor-field-type-tel elementor-field-group elementor-column elementor-field-group-email elementor-col-50 elementor-field-required\">\n\t\t\t\t\t\t\t\t\t\t\t\t<label for=\"form-field-email\" class=\"elementor-field-label\">\n\t\t\t\t\t\t\t\tTelefone*\t\t\t\t\t\t\t<\/label>\n\t\t\t\t\t\t\t\t<input size=\"1\" type=\"tel\" name=\"form_fields[email]\" id=\"form-field-email\" class=\"elementor-field elementor-size-sm  elementor-field-textual\" placeholder=\"(xx) xxxxx-xxxx\" required=\"required\" pattern=\"[0-9()#&amp;+*-=.]+\" title=\"Only numbers and phone characters (#, -, *, etc) are accepted.\">\n\n\t\t\t\t\t\t<\/div>\n\t\t\t\t\t\t\t\t<div class=\"elementor-field-type-email elementor-field-group elementor-column elementor-field-group-field_37305c3 elementor-col-100 elementor-field-required\">\n\t\t\t\t\t\t\t\t\t\t\t\t<label for=\"form-field-field_37305c3\" class=\"elementor-field-label\">\n\t\t\t\t\t\t\t\tE-mail\t\t\t\t\t\t\t<\/label>\n\t\t\t\t\t\t\t\t\t\t\t\t\t\t<input size=\"1\" type=\"email\" name=\"form_fields[field_37305c3]\" id=\"form-field-field_37305c3\" class=\"elementor-field elementor-size-sm  elementor-field-textual\" placeholder=\"seuemail@email.com.br\" required=\"required\">\n\t\t\t\t\t\t\t\t\t\t\t<\/div>\n\t\t\t\t\t\t\t\t<div class=\"elementor-field-type-checkbox elementor-field-group elementor-column elementor-field-group-field_068e607 elementor-col-100\">\n\t\t\t\t\t\t\t\t\t\t\t\t<label for=\"form-field-field_068e607\" class=\"elementor-field-label\">\n\t\t\t\t\t\t\t\tNatureza da Den\u00fancia\t\t\t\t\t\t\t<\/label>\n\t\t\t\t\t\t<div class=\"elementor-field-subgroup  elementor-subgroup-inline\"><span class=\"elementor-field-option\"><input type=\"checkbox\" value=\"Furto\" id=\"form-field-field_068e607-0\" name=\"form_fields[field_068e607][]\"> <label for=\"form-field-field_068e607-0\">Furto<\/label><\/span><span class=\"elementor-field-option\"><input type=\"checkbox\" value=\"Desvio de Equipamentos\" id=\"form-field-field_068e607-1\" name=\"form_fields[field_068e607][]\"> <label for=\"form-field-field_068e607-1\">Desvio de Equipamentos<\/label><\/span><span class=\"elementor-field-option\"><input type=\"checkbox\" value=\"Sabotagens\" id=\"form-field-field_068e607-2\" name=\"form_fields[field_068e607][]\"> <label for=\"form-field-field_068e607-2\">Sabotagens<\/label><\/span><span class=\"elementor-field-option\"><input type=\"checkbox\" value=\"Vazamento de informa\u00e7\u00f5es\" id=\"form-field-field_068e607-3\" name=\"form_fields[field_068e607][]\"> <label for=\"form-field-field_068e607-3\">Vazamento de informa\u00e7\u00f5es<\/label><\/span><span class=\"elementor-field-option\"><input type=\"checkbox\" value=\"Fraudes em compras\" id=\"form-field-field_068e607-4\" name=\"form_fields[field_068e607][]\"> <label for=\"form-field-field_068e607-4\">Fraudes em compras<\/label><\/span><span class=\"elementor-field-option\"><input type=\"checkbox\" value=\"Sonega\u00e7\u00e3o Fiscal\" id=\"form-field-field_068e607-5\" name=\"form_fields[field_068e607][]\"> <label for=\"form-field-field_068e607-5\">Sonega\u00e7\u00e3o Fiscal<\/label><\/span><span class=\"elementor-field-option\"><input type=\"checkbox\" value=\"Superfaturamentos\" id=\"form-field-field_068e607-6\" name=\"form_fields[field_068e607][]\"> <label for=\"form-field-field_068e607-6\">Superfaturamentos<\/label><\/span><span class=\"elementor-field-option\"><input type=\"checkbox\" value=\"Desperdicios de recursos\" id=\"form-field-field_068e607-7\" name=\"form_fields[field_068e607][]\"> <label for=\"form-field-field_068e607-7\">Desperdicios de recursos<\/label><\/span><span class=\"elementor-field-option\"><input type=\"checkbox\" value=\"M\u00e1 utiliza\u00e7\u00e3o do patrim\u00f4nio\" id=\"form-field-field_068e607-8\" name=\"form_fields[field_068e607][]\"> <label for=\"form-field-field_068e607-8\">M\u00e1 utiliza\u00e7\u00e3o do patrim\u00f4nio<\/label><\/span><span class=\"elementor-field-option\"><input type=\"checkbox\" value=\"Ass\u00e9dio moral\" id=\"form-field-field_068e607-9\" name=\"form_fields[field_068e607][]\"> <label for=\"form-field-field_068e607-9\">Ass\u00e9dio moral<\/label><\/span><span class=\"elementor-field-option\"><input type=\"checkbox\" value=\"Porte de armas\" id=\"form-field-field_068e607-10\" name=\"form_fields[field_068e607][]\"> <label for=\"form-field-field_068e607-10\">Porte de armas<\/label><\/span><span class=\"elementor-field-option\"><input type=\"checkbox\" value=\"Suborno\" id=\"form-field-field_068e607-11\" name=\"form_fields[field_068e607][]\"> <label for=\"form-field-field_068e607-11\">Suborno<\/label><\/span><span class=\"elementor-field-option\"><input type=\"checkbox\" value=\"Desvio financeiro\" id=\"form-field-field_068e607-12\" name=\"form_fields[field_068e607][]\"> <label for=\"form-field-field_068e607-12\">Desvio financeiro<\/label><\/span><span class=\"elementor-field-option\"><input type=\"checkbox\" value=\"Ass\u00e9dio sexual\" id=\"form-field-field_068e607-13\" name=\"form_fields[field_068e607][]\"> <label for=\"form-field-field_068e607-13\">Ass\u00e9dio sexual<\/label><\/span><\/div>\t\t\t\t<\/div>\n\t\t\t\t\t\t\t\t<div class=\"elementor-field-type-textarea elementor-field-group elementor-column elementor-field-group-message elementor-col-100 elementor-field-required\">\n\t\t\t\t\t\t\t\t\t\t\t\t<label for=\"form-field-message\" class=\"elementor-field-label\">\n\t\t\t\t\t\t\t\tHist\u00f3rico dos Fatos\t\t\t\t\t\t\t<\/label>\n\t\t\t\t\t\t<textarea class=\"elementor-field-textual elementor-field  elementor-size-sm\" name=\"form_fields[message]\" id=\"form-field-message\" rows=\"4\" placeholder=\"Digite aqui a sua mensagem\" required=\"required\"><\/textarea>\t\t\t\t<\/div>\n\t\t\t\t\t\t\t\t<div class=\"elementor-field-type-text elementor-field-group elementor-column elementor-field-group-field_5f7443a elementor-col-100 elementor-field-required\">\n\t\t\t\t\t\t\t\t\t\t\t\t<label for=\"form-field-field_5f7443a\" class=\"elementor-field-label\">\n\t\t\t\t\t\t\t\tLocal do Ocorrido\t\t\t\t\t\t\t<\/label>\n\t\t\t\t\t\t\t\t\t\t\t\t\t\t<input size=\"1\" type=\"text\" name=\"form_fields[field_5f7443a]\" id=\"form-field-field_5f7443a\" class=\"elementor-field elementor-size-sm  elementor-field-textual\" placeholder=\"Digite o local do ocorrido\" required=\"required\">\n\t\t\t\t\t\t\t\t\t\t\t<\/div>\n\t\t\t\t\t\t\t\t<div class=\"elementor-field-type-text elementor-field-group elementor-column elementor-field-group-field_04f6cea elementor-col-50 elementor-field-required\">\n\t\t\t\t\t\t\t\t\t\t\t\t<label for=\"form-field-field_04f6cea\" class=\"elementor-field-label\">\n\t\t\t\t\t\t\t\tEndere\u00e7o\t\t\t\t\t\t\t<\/label>\n\t\t\t\t\t\t\t\t\t\t\t\t\t\t<input size=\"1\" type=\"text\" name=\"form_fields[field_04f6cea]\" id=\"form-field-field_04f6cea\" class=\"elementor-field elementor-size-sm  elementor-field-textual\" placeholder=\"Endere\u00e7o do Local\" required=\"required\">\n\t\t\t\t\t\t\t\t\t\t\t<\/div>\n\t\t\t\t\t\t\t\t<div class=\"elementor-field-type-text elementor-field-group elementor-column elementor-field-group-field_5cb3f25 elementor-col-50 elementor-field-required\">\n\t\t\t\t\t\t\t\t\t\t\t\t<label for=\"form-field-field_5cb3f25\" class=\"elementor-field-label\">\n\t\t\t\t\t\t\t\tBairro\t\t\t\t\t\t\t<\/label>\n\t\t\t\t\t\t\t\t\t\t\t\t\t\t<input size=\"1\" type=\"text\" name=\"form_fields[field_5cb3f25]\" id=\"form-field-field_5cb3f25\" class=\"elementor-field elementor-size-sm  elementor-field-textual\" placeholder=\"EX: Fernando Dias\" required=\"required\">\n\t\t\t\t\t\t\t\t\t\t\t<\/div>\n\t\t\t\t\t\t\t\t<div class=\"elementor-field-type-text elementor-field-group elementor-column elementor-field-group-field_c8e5421 elementor-col-50 elementor-field-required\">\n\t\t\t\t\t\t\t\t\t\t\t\t<label for=\"form-field-field_c8e5421\" class=\"elementor-field-label\">\n\t\t\t\t\t\t\t\tCidade\t\t\t\t\t\t\t<\/label>\n\t\t\t\t\t\t\t\t\t\t\t\t\t\t<input size=\"1\" type=\"text\" name=\"form_fields[field_c8e5421]\" id=\"form-field-field_c8e5421\" class=\"elementor-field elementor-size-sm  elementor-field-textual\" placeholder=\"EX: S\u00e3o Paulo\" required=\"required\">\n\t\t\t\t\t\t\t\t\t\t\t<\/div>\n\t\t\t\t\t\t\t\t<div class=\"elementor-field-type-text elementor-field-group elementor-column elementor-field-group-field_792fadf elementor-col-50 elementor-field-required\">\n\t\t\t\t\t\t\t\t\t\t\t\t<label for=\"form-field-field_792fadf\" class=\"elementor-field-label\">\n\t\t\t\t\t\t\t\tUF\t\t\t\t\t\t\t<\/label>\n\t\t\t\t\t\t\t\t\t\t\t\t\t\t<input size=\"1\" type=\"text\" name=\"form_fields[field_792fadf]\" id=\"form-field-field_792fadf\" class=\"elementor-field elementor-size-sm  elementor-field-textual\" placeholder=\"EX: SP\" required=\"required\">\n\t\t\t\t\t\t\t\t\t\t\t<\/div>\n\t\t\t\t\t\t\t\t<div class=\"elementor-field-type-date elementor-field-group elementor-column elementor-field-group-field_c87c933 elementor-col-50 elementor-field-required\">\n\t\t\t\t\t\t\t\t\t\t\t\t<label for=\"form-field-field_c87c933\" class=\"elementor-field-label\">\n\t\t\t\t\t\t\t\tData\t\t\t\t\t\t\t<\/label>\n\t\t\t\t\t\t\n\t\t<input type=\"date\" name=\"form_fields[field_c87c933]\" id=\"form-field-field_c87c933\" class=\"elementor-field elementor-size-sm  elementor-field-textual elementor-date-field\" placeholder=\"EX: 30\/05\/2025\" required=\"required\" pattern=\"[0-9]{4}-[0-9]{2}-[0-9]{2}\">\n\t\t\t\t\t\t<\/div>\n\t\t\t\t\t\t\t\t<div class=\"elementor-field-type-text elementor-field-group elementor-column elementor-field-group-field_06872fb elementor-col-50 elementor-field-required\">\n\t\t\t\t\t\t\t\t\t\t\t\t<label for=\"form-field-field_06872fb\" class=\"elementor-field-label\">\n\t\t\t\t\t\t\t\tVisto\t\t\t\t\t\t\t<\/label>\n\t\t\t\t\t\t\t\t\t\t\t\t\t\t<input size=\"1\" type=\"text\" name=\"form_fields[field_06872fb]\" id=\"form-field-field_06872fb\" class=\"elementor-field elementor-size-sm  elementor-field-textual\" placeholder=\"Digite aqui o Visto\" required=\"required\">\n\t\t\t\t\t\t\t\t\t\t\t<\/div>\n\t\t\t\t\t\t\t\t<div class=\"elementor-field-type-text elementor-field-group elementor-column elementor-field-group-field_60a41b2 elementor-col-50 elementor-field-required\">\n\t\t\t\t\t\t\t\t\t\t\t\t<label for=\"form-field-field_60a41b2\" class=\"elementor-field-label\">\n\t\t\t\t\t\t\t\tRespons\u00e1vel pelo registro\t\t\t\t\t\t\t<\/label>\n\t\t\t\t\t\t\t\t\t\t\t\t\t\t<input size=\"1\" type=\"text\" name=\"form_fields[field_60a41b2]\" id=\"form-field-field_60a41b2\" class=\"elementor-field elementor-size-sm  elementor-field-textual\" placeholder=\"Digite o nome do responsavel\" required=\"required\">\n\t\t\t\t\t\t\t\t\t\t\t<\/div>\n\t\t\t\t\t\t\t\t<div class=\"elementor-field-type-text elementor-field-group elementor-column elementor-field-group-field_dbe47bc elementor-col-50 elementor-field-required\">\n\t\t\t\t\t\t\t\t\t\t\t\t<label for=\"form-field-field_dbe47bc\" class=\"elementor-field-label\">\n\t\t\t\t\t\t\t\tAssinatura\t\t\t\t\t\t\t<\/label>\n\t\t\t\t\t\t\t\t\t\t\t\t\t\t<input size=\"1\" type=\"text\" name=\"form_fields[field_dbe47bc]\" id=\"form-field-field_dbe47bc\" class=\"elementor-field elementor-size-sm  elementor-field-textual\" required=\"required\">\n\t\t\t\t\t\t\t\t\t\t\t<\/div>\n\t\t\t\t\t\t\t\t<div class=\"elementor-field-group elementor-column elementor-field-type-submit elementor-col-100 e-form__buttons\">\n\t\t\t\t\t<button class=\"elementor-button elementor-size-md\" type=\"submit\">\n\t\t\t\t\t\t<span class=\"elementor-button-content-wrapper\">\n\t\t\t\t\t\t\t\t\t\t\t\t\t\t\t\t\t\t\t\t\t\t<span class=\"elementor-button-text\">Enviar<\/span>\n\t\t\t\t\t\t\t\t\t\t\t\t\t<\/span>\n\t\t\t\t\t<\/button>\n\t\t\t\t<\/div>\n\t\t\t<\/div>\n\t\t<\/form>\n\t\t\t\t\t\t<\/div>\n\t\t\t\t\t<\/div>\n\t\t\t\t<\/div>\n\t\t\t\t<\/div>\n\t\t","protected":false},"excerpt":{"rendered":"<p>REGISTRO DE DEN\u00daNCIA<\/p>\n","protected":false},"author":1,"featured_media":0,"parent":0,"menu_order":0,"comment_status":"closed","ping_status":"closed","template":"elementor_header_footer","meta":{"footnotes":""},"class_list":["post-297","page","type-page","status-publish","hentry"],"_links":{"self":[{"href":"https:\/\/spontesconstrutora.com.br\/index.php\/wp-json\/wp\/v2\/pages\/297","targetHints":{"allow":["GET"]}}],"collection":[{"href":"https:\/\/spontesconstrutora.com.br\/index.php\/wp-json\/wp\/v2\/pages"}],"about":[{"href":"https:\/\/spontesconstrutora.com.br\/index.php\/wp-json\/wp\/v2\/types\/page"}],"author":[{"embeddable":true,"href":"https:\/\/spontesconstrutora.com.br\/index.php\/wp-json\/wp\/v2\/users\/1"}],"replies":[{"embeddable":true,"href":"https:\/\/spontesconstrutora.com.br\/index.php\/wp-json\/wp\/v2\/comments?post=297"}],"version-history":[{"count":37,"href":"https:\/\/spontesconstrutora.com.br\/index.php\/wp-json\/wp\/v2\/pages\/297\/revisions"}],"predecessor-version":[{"id":677,"href":"https:\/\/spontesconstrutora.com.br\/index.php\/wp-json\/wp\/v2\/pages\/297\/revisions\/677"}],"wp:attachment":[{"href":"https:\/\/spontesconstrutora.com.br\/index.php\/wp-json\/wp\/v2\/media?parent=297"}],"curies":[{"name":"wp","href":"https:\/\/api.w.org\/{rel}","templated":true}]}}